{"id":73440,"date":"2022-10-09T21:10:59","date_gmt":"2022-10-09T19:10:59","guid":{"rendered":"http:\/\/s870585109.online.de\/wp\/contactar-con\/"},"modified":"2023-02-13T18:33:11","modified_gmt":"2023-02-13T17:33:11","slug":"contactar-con","status":"publish","type":"page","link":"https:\/\/www.emoji.com\/es\/contactar-con\/","title":{"rendered":"Contacto"},"content":{"rendered":"<div class=\"wpb-content-wrapper\">[vc_row gap=\u00bb30&#8243; bg_type=\u00bbimage\u00bb parallax_style=\u00bbvcpb-default\u00bb bg_image_new=\u00bbid^69853|url^http:\/\/s870585109.online.de\/wp\/wp-content\/uploads\/2022\/10\/emoji-pattern_back.jpg|caption^null|alt^null|title^emoji-pattern_back|description^null\u00bb bg_image_size=\u00bbinitial\u00bb bg_img_attach=\u00bbfixed\u00bb bg_override=\u00bbfull\u00bb css=\u00bb.vc_custom_1665342300155{padding-top: 40px !important;padding-bottom: 40px !important;background-position: 0 0 !important;background-repeat: repeat !important;}\u00bb][vc_column][vc_row_inner gap=\u00bb30&#8243;][vc_column_inner width=\u00bb1\/2&#8243;][vc_column_text]\n<h1 style=\"text-align: center;\">P\u00f3ngase en contacto con nosotros.<\/h1>\n<p>&nbsp;<\/p>\n<p style=\"text-align: center;\">Si quiere saber m\u00e1s sobre c\u00f3mo trabajar con nosotros o est\u00e1 interesado en obtener una licencia o iniciar una colaboraci\u00f3n, no dude en ponerse en contacto con nosotros por correo electr\u00f3nico o por tel\u00e9fono y nos pondremos en contacto con usted lo antes posible.<\/p>\n<p>&nbsp;<\/p>\n<h3 style=\"text-align: center;\"><strong>Sede central:<\/strong><\/h3>\n<p style=\"text-align: center;\"><strong>emoji company GmbH<\/strong><br \/>\n<strong>Hamburgo, Alemania<\/strong><br \/>\n<span style=\"color: #e74011;\"><a style=\"color: #e74011;\" href=\"mailto:licensing@emoji-company.com\"><strong>licensing@emoji-company.com<\/strong><\/a><\/span><\/p>\n[\/vc_column_text][vc_btn title=\u00bbEnv\u00edenos un correo electr\u00f3nico.\u00bb style=\u00bbclassic\u00bb shape=\u00bbround\u00bb color=\u00bbinverse\u00bb size=\u00bblg\u00bb align=\u00bbcenter\u00bb i_align=\u00bbright\u00bb i_icon_fontawesome=\u00bbfas fa-caret-right\u00bb css_animation=\u00bbbounceIn\u00bb add_icon=\u00bbtrue\u00bb css=\u00bb.vc_custom_1673965418181{padding-top: 30px !important;padding-bottom: 40px !important;}\u00bb link=\u00bburl:mailto%3Alicensing%40emoji-company.com|\u00bb][\/vc_column_inner][vc_column_inner width=\u00bb1\/2&#8243;][vc_single_image image=\u00bb69869&#8243; img_size=\u00bbfull\u00bb alignment=\u00bbcenter\u00bb][\/vc_column_inner][\/vc_row_inner][\/vc_column][\/vc_row]\n<\/div>","protected":false},"excerpt":{"rendered":"<p>[vc_row gap=\u00bb30&#8243; bg_type=\u00bbimage\u00bb parallax_style=\u00bbvcpb-default\u00bb bg_image_new=\u00bbid^69853|url^http:\/\/s870585109.online.de\/wp\/wp-content\/uploads\/2022\/10\/emoji-pattern_back.jpg|caption^null|alt^null|title^emoji-pattern_back|description^null\u00bb bg_image_size=\u00bbinitial\u00bb bg_img_attach=\u00bbfixed\u00bb bg_override=\u00bbfull\u00bb css=\u00bb.vc_custom_1665342300155{padding-top: 40px !important;padding-bottom: 40px !important;background-position: 0 0 !important;background-repeat: repeat !important;}\u00bb][vc_column][vc_row_inner gap=\u00bb30&#8243;][vc_column_inner width=\u00bb1\/2&#8243;][vc_column_text] P\u00f3ngase en contacto con nosotros. &nbsp; Si quiere saber m\u00e1s sobre c\u00f3mo trabajar con nosotros o est\u00e1 interesado en obtener una licencia o iniciar una colaboraci\u00f3n, no dude en ponerse en contacto con nosotros por correo electr\u00f3nico o por tel\u00e9fono y nos pondremos en contacto con usted lo antes posible. &nbsp; Sede central: emoji company GmbH Hamburgo, Alemania licensing@emoji-company.com [\/vc_column_text][vc_btn title=\u00bbEnv\u00edenos un correo electr\u00f3nico.\u00bb style=\u00bbclassic\u00bb shape=\u00bbround\u00bb color=\u00bbinverse\u00bb size=\u00bblg\u00bb align=\u00bbcenter\u00bb i_align=\u00bbright\u00bb i_icon_fontawesome=\u00bbfas fa-caret-right\u00bb css_animation=\u00bbbounceIn\u00bb add_icon=\u00bbtrue\u00bb css=\u00bb.vc_custom_1673965418181{padding-top: 30px !important;padding-bottom: 40px !important;}\u00bb link=\u00bburl:mailto%3Alicensing%40emoji-company.com|\u00bb][\/vc_column_inner][vc_column_inner width=\u00bb1\/2&#8243;][vc_single_image image=\u00bb69869&#8243; img_size=\u00bbfull\u00bb alignment=\u00bbcenter\u00bb][\/vc_column_inner][\/vc_row_inner][\/vc_column][\/vc_row]<\/p>\n","protected":false},"author":1,"featured_media":0,"parent":0,"menu_order":0,"comment_status":"closed","ping_status":"closed","template":"","meta":{"footnotes":""},"class_list":["post-73440","page","type-page","status-publish","hentry","entry","post-inner"],"yoast_head":"<!-- This site is optimized with the Yoast SEO Premium plugin v20.7 (Yoast SEO v27.4) - https:\/\/yoast.com\/product\/yoast-seo-premium-wordpress\/ -->\n<title>Contacto - emoji<\/title>\n<meta name=\"robots\" content=\"index, follow, max-snippet:-1, max-image-preview:large, max-video-preview:-1\" \/>\n<link rel=\"canonical\" href=\"https:\/\/www.emoji.com\/es\/contactar-con\/\" \/>\n<meta property=\"og:locale\" content=\"es_ES\" \/>\n<meta property=\"og:type\" content=\"article\" \/>\n<meta property=\"og:title\" content=\"Contacto\" \/>\n<meta property=\"og:description\" content=\"[vc_row gap=\u00bb30&#8243; bg_type=\u00bbimage\u00bb parallax_style=\u00bbvcpb-default\u00bb bg_image_new=\u00bbid^69853|url^http:\/\/s870585109.online.de\/wp\/wp-content\/uploads\/2022\/10\/emoji-pattern_back.jpg|caption^null|alt^null|title^emoji-pattern_back|description^null\u00bb bg_image_size=\u00bbinitial\u00bb bg_img_attach=\u00bbfixed\u00bb bg_override=\u00bbfull\u00bb css=\u00bb.vc_custom_1665342300155{padding-top: 40px !important;padding-bottom: 40px !important;background-position: 0 0 !important;background-repeat: repeat !important;}\u00bb][vc_column][vc_row_inner gap=\u00bb30&#8243;][vc_column_inner width=\u00bb1\/2&#8243;][vc_column_text] P\u00f3ngase en contacto con nosotros. &nbsp; Si quiere saber m\u00e1s sobre c\u00f3mo trabajar con nosotros o est\u00e1 interesado en obtener una licencia o iniciar una colaboraci\u00f3n, no dude en ponerse en contacto con nosotros por correo electr\u00f3nico o por tel\u00e9fono y nos pondremos en contacto con usted lo antes posible. &nbsp; Sede central: emoji company GmbH Hamburgo, Alemania licensing@emoji-company.com [\/vc_column_text][vc_btn title=\u00bbEnv\u00edenos un correo electr\u00f3nico.\u00bb style=\u00bbclassic\u00bb shape=\u00bbround\u00bb color=\u00bbinverse\u00bb size=\u00bblg\u00bb align=\u00bbcenter\u00bb i_align=\u00bbright\u00bb i_icon_fontawesome=\u00bbfas fa-caret-right\u00bb css_animation=\u00bbbounceIn\u00bb add_icon=\u00bbtrue\u00bb css=\u00bb.vc_custom_1673965418181{padding-top: 30px !important;padding-bottom: 40px !important;}\u00bb link=\u00bburl:mailto%3Alicensing%40emoji-company.com|\u00bb][\/vc_column_inner][vc_column_inner width=\u00bb1\/2&#8243;][vc_single_image image=\u00bb69869&#8243; img_size=\u00bbfull\u00bb alignment=\u00bbcenter\u00bb][\/vc_column_inner][\/vc_row_inner][\/vc_column][\/vc_row]\" \/>\n<meta property=\"og:url\" content=\"https:\/\/www.emoji.com\/es\/contactar-con\/\" \/>\n<meta property=\"og:site_name\" content=\"emoji\" \/>\n<meta property=\"article:modified_time\" content=\"2023-02-13T17:33:11+00:00\" \/>\n<meta name=\"twitter:card\" content=\"summary_large_image\" \/>\n<meta name=\"twitter:label1\" content=\"Tiempo de lectura\" \/>\n\t<meta name=\"twitter:data1\" content=\"1 minuto\" \/>\n<script type=\"application\/ld+json\" class=\"yoast-schema-graph\">{\"@context\":\"https:\\\/\\\/schema.org\",\"@graph\":[{\"@type\":\"WebPage\",\"@id\":\"https:\\\/\\\/www.emoji.com\\\/es\\\/contactar-con\\\/\",\"url\":\"https:\\\/\\\/www.emoji.com\\\/es\\\/contactar-con\\\/\",\"name\":\"Contacto - emoji\",\"isPartOf\":{\"@id\":\"https:\\\/\\\/www.emoji.com\\\/es\\\/#website\"},\"datePublished\":\"2022-10-09T19:10:59+00:00\",\"dateModified\":\"2023-02-13T17:33:11+00:00\",\"breadcrumb\":{\"@id\":\"https:\\\/\\\/www.emoji.com\\\/es\\\/contactar-con\\\/#breadcrumb\"},\"inLanguage\":\"es\",\"potentialAction\":[{\"@type\":\"ReadAction\",\"target\":[\"https:\\\/\\\/www.emoji.com\\\/es\\\/contactar-con\\\/\"]}]},{\"@type\":\"BreadcrumbList\",\"@id\":\"https:\\\/\\\/www.emoji.com\\\/es\\\/contactar-con\\\/#breadcrumb\",\"itemListElement\":[{\"@type\":\"ListItem\",\"position\":1,\"name\":\"Startseite\",\"item\":\"https:\\\/\\\/www.emoji.com\\\/es\\\/home-2\\\/\"},{\"@type\":\"ListItem\",\"position\":2,\"name\":\"Contacto\"}]},{\"@type\":\"WebSite\",\"@id\":\"https:\\\/\\\/www.emoji.com\\\/es\\\/#website\",\"url\":\"https:\\\/\\\/www.emoji.com\\\/es\\\/\",\"name\":\"emoji \u2013 The Iconic Brand\",\"description\":\"The Iconic Brand\",\"publisher\":{\"@id\":\"https:\\\/\\\/www.emoji.com\\\/es\\\/#organization\"},\"potentialAction\":[{\"@type\":\"SearchAction\",\"target\":{\"@type\":\"EntryPoint\",\"urlTemplate\":\"https:\\\/\\\/www.emoji.com\\\/es\\\/?s={search_term_string}\"},\"query-input\":{\"@type\":\"PropertyValueSpecification\",\"valueRequired\":true,\"valueName\":\"search_term_string\"}}],\"inLanguage\":\"es\"},{\"@type\":\"Organization\",\"@id\":\"https:\\\/\\\/www.emoji.com\\\/es\\\/#organization\",\"name\":\"emoji company GmbH\",\"url\":\"https:\\\/\\\/www.emoji.com\\\/es\\\/\",\"logo\":{\"@type\":\"ImageObject\",\"inLanguage\":\"es\",\"@id\":\"https:\\\/\\\/www.emoji.com\\\/es\\\/#\\\/schema\\\/logo\\\/image\\\/\",\"url\":\"https:\\\/\\\/www.emoji.com\\\/wp-content\\\/uploads\\\/2022\\\/10\\\/emoji-face-logo-glossy.png\",\"contentUrl\":\"https:\\\/\\\/www.emoji.com\\\/wp-content\\\/uploads\\\/2022\\\/10\\\/emoji-face-logo-glossy.png\",\"width\":300,\"height\":294,\"caption\":\"emoji company GmbH\"},\"image\":{\"@id\":\"https:\\\/\\\/www.emoji.com\\\/es\\\/#\\\/schema\\\/logo\\\/image\\\/\"}}]}<\/script>\n<!-- \/ Yoast SEO Premium plugin. -->","yoast_head_json":{"title":"Contacto - emoji","robots":{"index":"index","follow":"follow","max-snippet":"max-snippet:-1","max-image-preview":"max-image-preview:large","max-video-preview":"max-video-preview:-1"},"canonical":"https:\/\/www.emoji.com\/es\/contactar-con\/","og_locale":"es_ES","og_type":"article","og_title":"Contacto","og_description":"[vc_row gap=\u00bb30&#8243; bg_type=\u00bbimage\u00bb parallax_style=\u00bbvcpb-default\u00bb bg_image_new=\u00bbid^69853|url^http:\/\/s870585109.online.de\/wp\/wp-content\/uploads\/2022\/10\/emoji-pattern_back.jpg|caption^null|alt^null|title^emoji-pattern_back|description^null\u00bb bg_image_size=\u00bbinitial\u00bb bg_img_attach=\u00bbfixed\u00bb bg_override=\u00bbfull\u00bb css=\u00bb.vc_custom_1665342300155{padding-top: 40px !important;padding-bottom: 40px !important;background-position: 0 0 !important;background-repeat: repeat !important;}\u00bb][vc_column][vc_row_inner gap=\u00bb30&#8243;][vc_column_inner width=\u00bb1\/2&#8243;][vc_column_text] P\u00f3ngase en contacto con nosotros. &nbsp; Si quiere saber m\u00e1s sobre c\u00f3mo trabajar con nosotros o est\u00e1 interesado en obtener una licencia o iniciar una colaboraci\u00f3n, no dude en ponerse en contacto con nosotros por correo electr\u00f3nico o por tel\u00e9fono y nos pondremos en contacto con usted lo antes posible. &nbsp; Sede central: emoji company GmbH Hamburgo, Alemania licensing@emoji-company.com [\/vc_column_text][vc_btn title=\u00bbEnv\u00edenos un correo electr\u00f3nico.\u00bb style=\u00bbclassic\u00bb shape=\u00bbround\u00bb color=\u00bbinverse\u00bb size=\u00bblg\u00bb align=\u00bbcenter\u00bb i_align=\u00bbright\u00bb i_icon_fontawesome=\u00bbfas fa-caret-right\u00bb css_animation=\u00bbbounceIn\u00bb add_icon=\u00bbtrue\u00bb css=\u00bb.vc_custom_1673965418181{padding-top: 30px !important;padding-bottom: 40px !important;}\u00bb link=\u00bburl:mailto%3Alicensing%40emoji-company.com|\u00bb][\/vc_column_inner][vc_column_inner width=\u00bb1\/2&#8243;][vc_single_image image=\u00bb69869&#8243; img_size=\u00bbfull\u00bb alignment=\u00bbcenter\u00bb][\/vc_column_inner][\/vc_row_inner][\/vc_column][\/vc_row]","og_url":"https:\/\/www.emoji.com\/es\/contactar-con\/","og_site_name":"emoji","article_modified_time":"2023-02-13T17:33:11+00:00","twitter_card":"summary_large_image","twitter_misc":{"Tiempo de lectura":"1 minuto"},"schema":{"@context":"https:\/\/schema.org","@graph":[{"@type":"WebPage","@id":"https:\/\/www.emoji.com\/es\/contactar-con\/","url":"https:\/\/www.emoji.com\/es\/contactar-con\/","name":"Contacto - emoji","isPartOf":{"@id":"https:\/\/www.emoji.com\/es\/#website"},"datePublished":"2022-10-09T19:10:59+00:00","dateModified":"2023-02-13T17:33:11+00:00","breadcrumb":{"@id":"https:\/\/www.emoji.com\/es\/contactar-con\/#breadcrumb"},"inLanguage":"es","potentialAction":[{"@type":"ReadAction","target":["https:\/\/www.emoji.com\/es\/contactar-con\/"]}]},{"@type":"BreadcrumbList","@id":"https:\/\/www.emoji.com\/es\/contactar-con\/#breadcrumb","itemListElement":[{"@type":"ListItem","position":1,"name":"Startseite","item":"https:\/\/www.emoji.com\/es\/home-2\/"},{"@type":"ListItem","position":2,"name":"Contacto"}]},{"@type":"WebSite","@id":"https:\/\/www.emoji.com\/es\/#website","url":"https:\/\/www.emoji.com\/es\/","name":"emoji \u2013 The Iconic Brand","description":"The Iconic Brand","publisher":{"@id":"https:\/\/www.emoji.com\/es\/#organization"},"potentialAction":[{"@type":"SearchAction","target":{"@type":"EntryPoint","urlTemplate":"https:\/\/www.emoji.com\/es\/?s={search_term_string}"},"query-input":{"@type":"PropertyValueSpecification","valueRequired":true,"valueName":"search_term_string"}}],"inLanguage":"es"},{"@type":"Organization","@id":"https:\/\/www.emoji.com\/es\/#organization","name":"emoji company GmbH","url":"https:\/\/www.emoji.com\/es\/","logo":{"@type":"ImageObject","inLanguage":"es","@id":"https:\/\/www.emoji.com\/es\/#\/schema\/logo\/image\/","url":"https:\/\/www.emoji.com\/wp-content\/uploads\/2022\/10\/emoji-face-logo-glossy.png","contentUrl":"https:\/\/www.emoji.com\/wp-content\/uploads\/2022\/10\/emoji-face-logo-glossy.png","width":300,"height":294,"caption":"emoji company GmbH"},"image":{"@id":"https:\/\/www.emoji.com\/es\/#\/schema\/logo\/image\/"}}]}},"_links":{"self":[{"href":"https:\/\/www.emoji.com\/es\/wp-json\/wp\/v2\/pages\/73440","targetHints":{"allow":["GET"]}}],"collection":[{"href":"https:\/\/www.emoji.com\/es\/wp-json\/wp\/v2\/pages"}],"about":[{"href":"https:\/\/www.emoji.com\/es\/wp-json\/wp\/v2\/types\/page"}],"author":[{"embeddable":true,"href":"https:\/\/www.emoji.com\/es\/wp-json\/wp\/v2\/users\/1"}],"replies":[{"embeddable":true,"href":"https:\/\/www.emoji.com\/es\/wp-json\/wp\/v2\/comments?post=73440"}],"version-history":[{"count":28,"href":"https:\/\/www.emoji.com\/es\/wp-json\/wp\/v2\/pages\/73440\/revisions"}],"predecessor-version":[{"id":78390,"href":"https:\/\/www.emoji.com\/es\/wp-json\/wp\/v2\/pages\/73440\/revisions\/78390"}],"wp:attachment":[{"href":"https:\/\/www.emoji.com\/es\/wp-json\/wp\/v2\/media?parent=73440"}],"curies":[{"name":"wp","href":"https:\/\/api.w.org\/{rel}","templated":true}]}}