{"id":73433,"date":"2022-10-09T21:39:31","date_gmt":"2022-10-09T19:39:31","guid":{"rendered":"http:\/\/s870585109.online.de\/wp\/campanas\/"},"modified":"2025-04-16T21:17:11","modified_gmt":"2025-04-16T19:17:11","slug":"campanas","status":"publish","type":"page","link":"https:\/\/www.emoji.com\/es\/campanas\/","title":{"rendered":"Campa\u00f1as"},"content":{"rendered":"<div class=\"wpb-content-wrapper\">[vc_row gap=\u00bb30&#8243; bg_type=\u00bbimage\u00bb parallax_style=\u00bbvcpb-default\u00bb bg_image_new=\u00bbid^69853|url^http:\/\/s870585109.online.de\/wp\/wp-content\/uploads\/2022\/10\/emoji-pattern_back.jpg|caption^null|alt^null|title^emoji-pattern_back|description^null\u00bb bg_image_size=\u00bbinitial\u00bb bg_override=\u00bbfull\u00bb css=\u00bb.vc_custom_1673964813383{padding-bottom: 10px !important;background-position: 0 0 !important;background-repeat: repeat !important;}\u00bb][vc_column][vc_column_text]\n<h1 style=\"text-align: center;\">Campa\u00f1as<\/h1>\n[\/vc_column_text][vc_row_inner gap=\u00bb30&#8243;][vc_column_inner][vc_column_text]\n<h3 style=\"text-align: center;\">Nuestros clientes proceden del sector de las licencias cl\u00e1sicas, del entretenimiento y de la industria del marketing y la publicidad. Desc\u00fabralos a continuaci\u00f3n.<\/h3>\n[\/vc_column_text][\/vc_column_inner][\/vc_row_inner][\/vc_column][\/vc_row][vc_row disable_element=\u00bbyes\u00bb bg_type=\u00bbimage\u00bb parallax_style=\u00bbvcpb-default\u00bb bg_image_new=\u00bbid^69853|url^http:\/\/s870585109.online.de\/wp\/wp-content\/uploads\/2022\/10\/emoji-pattern_back.jpg|caption^null|alt^null|title^emoji-pattern_back|description^null\u00bb bg_image_size=\u00bbinitial\u00bb bg_img_attach=\u00bbfixed\u00bb bg_override=\u00bbfull\u00bb css=\u00bb.vc_custom_1732641557824{padding-bottom: 40px !important;}\u00bb][vc_column]<style>#sbvcytc-69f53fd526ae6-1970262526 .sbvcytc-navigation a { color: #e74011; border-color:#dddddd; }#sbvcytc-69f53fd526ae6-1970262526 .sbvcytc-navigation a:hover { color: #000000; border-color:#cccccc; }#sbvcytc-69f53fd526ae6-1970262526 .sbvcytc-navigation .sb-loadmore-button .sb-loader > div { background-color: #e74011; }#sbvcytc-69f53fd526ae6-1970262526 .sbvcytc-navigation a.sb-next-prev { display: none !important; }#sbvcytc-69f53fd526ae6-1970262526 .sbvcytc-title { color: #9e9e9e; font-size: 16px; font-weight: 500; }#sbvcytc-69f53fd526ae6-1970262526 .sbvcytc-video:hover .sbvcytc-title { color: #e74011; }#sbvcytc-69f53fd526ae6-1970262526 .sbvcytc-description { color: #333333; font-size: 13px; font-weight: 300; }#sbvcytc-69f53fd526ae6-1970262526 .sbvcytc-video:hover .sbvcytc-description { color: #333333; }#sbvcytc-69f53fd526ae6-1970262526 .sbvcytc-meta-item, #sbvcytc-69f53fd526ae6-1970262526 .sbvcytc-meta { color: #333333; border-color: #333333; }#sbvcytc-69f53fd526ae6-1970262526 .sbvcytc-video:hover .sbvcytc-meta-item, #sbvcytc-69f53fd526ae6-1970262526 .sbvcytc-video:hover .sbvcytc-meta { color: #333333; border-color: #333333; }#sbvcytc-69f53fd526ae6-1970262526 .sbvcytc-meta { color: #333333; }#sbvcytc-69f53fd526ae6-1970262526 .sbvcytc-video:hover .sbvcytc-meta { color: #333333; }#sbvcytc-69f53fd526ae6-1970262526 .sbvcytc-video { background-color: #000000; }#sbvcytc-69f53fd526ae6-1970262526 .sbvcytc-video:hover { background-color: ; }#sbvcytc-69f53fd526ae6-1970262526-popup { background-color:#ffffff; max-width:800px; }#sbvcytc-69f53fd526ae6-1970262526-popup .sbvcytc-popup-title { color: #3a96e1; font-size: 20px; font-weight: 700; }#sbvcytc-69f53fd526ae6-1970262526-popup .sbvcytc-popup-description, #sbvcytc-69f53fd526ae6-1970262526-popup .sbvcytc-popup-meta { color: #666666; font-size: 13px; font-weight: 300; }#sbvcytc-69f53fd526ae6-1970262526-popup .sbvcytc-popup-meta { color: #666666; }#sbvcytc-69f53fd526ae6-1970262526 .sbvcytc-videos-wrapper .slick-dots li button, #sbvcytc-69f53fd526ae6-1970262526 .sbvcytc-videos-wrapper .slick-dots li button:active { background: #999999; }#sbvcytc-69f53fd526ae6-1970262526 .sbvcytc-videos-wrapper .slick-dots li:hover button, #sbvcytc-69f53fd526ae6-1970262526 .sbvcytc-videos-wrapper .slick-dots li.slick-active button { background: #000000; }#sbvcytc-69f53fd526ae6-1970262526 a.sbvcytc-slick-arrow { color: #999999; }#sbvcytc-69f53fd526ae6-1970262526 a.sbvcytc-slick-arrow:hover { color: #000000; }<\/style><div id=\"sbvcytc-69f53fd526ae6-1970262526\" class=\"sbvcytc-youtube-channel sbvcytc-skin-1 \"data-api_key=\"AIzaSyBLj4noPzGFkAS8CZyxekGR8lGwUgw-0pc\"data-user_id=\"https:\/\/www.youtube.com\/channel\/UCejxa1S2grWrWjhxR-ftKdQ\"data-channel_id=\"UCejxa1S2grWrWjhxR-ftKdQ\"data-playlist_id=\"PLVZ2_QAmZp6D-nhKHOsXhnO7kX3FaOaF-\"data-results_per_page=\"200\"data-custom_wrapper_class=\"\"data-template=\"1\"data-layout=\"fitrows\"data-animation=\"fadeInUp\"data-no_of_columns_desktop=\"4\"data-no_of_columns_tablet=\"3\"data-no_of_columns_mobile=\"2\"data-grid_thumbnail_size=\"medium\"data-wrapper_bg_color=\"#000000\"data-wrapper_hover_bg_color=\"\"data-enable_title=\"yes\"data-title_length=\"40\"data-title_color=\"#9e9e9e\"data-title_hover_color=\"#e74011\"data-title_font_size=\"16\"data-title_font_weight=\"500\"data-enable_description=\"\"data-description_length=\"\"data-description_color=\"#333333\"data-description_hover_color=\"#333333\"data-description_font_size=\"13\"data-description_font_weight=\"300\"data-enable_play_icon=\"yes\"data-enable_hd_tag=\"\"data-enable_video_length=\"\"data-enable_video_views=\"\"data-enable_video_likes=\"\"data-enable_video_post_time=\"\"data-enable_social_sharing=\"\"data-meta_color=\"#333333\"data-meta_hover_color=\"#333333\"data-pagination_type=\"infinite_scroll\"data-load_more_text=\"Load More\"data-pagination_loader_color=\"#e74011\"data-scroll_top=\"yes\"data-next_button_text=\"Siguiente\"data-prev_button_text=\"Previous\"data-pagination_color=\"#e74011\"data-pagination_hover_color=\"#000000\"data-pagination_border_color=\"#dddddd\"data-pagination_border_hover_color=\"#cccccc\"data-video_preview_type=\"top_view\"data-popup_max_width=\"800\"data-preview_display_first=\"1\"data-preview_gallery=\"1\"data-preview_autoplay=\"1\"data-preview_related=\"\"data-preview_information=\"1\"data-preview_controls=\"1\"data-preview_enable_title=\"yes\"data-preview_title_color=\"#3a96e1\"data-preview_title_font_size=\"20\"data-preview_title_font_weight=\"700\"data-preview_enable_description=\"yes\"data-preview_description_color=\"#666666\"data-preview_description_font_size=\"13\"data-preview_description_font_weight=\"300\"data-preview_social_share=\"yes\"data-preview_enable_meta=\"yes\"data-preview_meta_color=\"#666666\"data-enable_carousel=\"\"data-carousel_speed=\"300\"data-carousel_autoplay=\"no\"data-carousel_autoplay_speed=\"3000\"data-carousel_pause_on_hover=\"no\"data-carousel_adaptive_height=\"yes\"data-carousel_infinite=\"no\"data-carousel_pagination=\"yes\"data-carousel_arrows=\"yes\"data-carousel_draggable=\"yes\"data-carousel_rows=\"1\"data-carousel_center_mode=\"no\"data-carousel_pagination_color=\"#999999\"data-carousel_pagination_hover_color=\"#000000\"><div class=\"sbvcytc-loader\"><span><\/span><\/div><div class=\"sb-hide sbvcytc-videos-preview\"><\/div><div class=\"sb-hide sbvcytc-videos-wrapper sbvcytc-videos-fitrows sb-row\"><\/div><div class=\"sb-clear\"><\/div><div class=\"sb-hide sbvcytc-navigation\"><\/div><\/div>[\/vc_column][\/vc_row][vc_row][vc_column][vc_video link=\u00bbhttps:\/\/www.youtube.com\/watch?v=Zcy1VRYLg38&#8243; align=\u00bbcenter\u00bb css=\u00bb.vc_custom_1738865287241{padding-top: 30px !important;}\u00bb][\/vc_column][\/vc_row]\n<\/div>","protected":false},"excerpt":{"rendered":"<p>[vc_row gap=\u00bb30&#8243; bg_type=\u00bbimage\u00bb parallax_style=\u00bbvcpb-default\u00bb bg_image_new=\u00bbid^69853|url^http:\/\/s870585109.online.de\/wp\/wp-content\/uploads\/2022\/10\/emoji-pattern_back.jpg|caption^null|alt^null|title^emoji-pattern_back|description^null\u00bb bg_image_size=\u00bbinitial\u00bb bg_override=\u00bbfull\u00bb css=\u00bb.vc_custom_1673964813383{padding-bottom: 10px !important;background-position: 0 0 !important;background-repeat: repeat !important;}\u00bb][vc_column][vc_column_text] Campa\u00f1as [\/vc_column_text][vc_row_inner gap=\u00bb30&#8243;][vc_column_inner][vc_column_text] Nuestros clientes proceden del sector de las licencias cl\u00e1sicas, del entretenimiento y de la industria del marketing y la publicidad. Desc\u00fabralos a continuaci\u00f3n. [\/vc_column_text][\/vc_column_inner][\/vc_row_inner][\/vc_column][\/vc_row][vc_row disable_element=\u00bbyes\u00bb bg_type=\u00bbimage\u00bb parallax_style=\u00bbvcpb-default\u00bb bg_image_new=\u00bbid^69853|url^http:\/\/s870585109.online.de\/wp\/wp-content\/uploads\/2022\/10\/emoji-pattern_back.jpg|caption^null|alt^null|title^emoji-pattern_back|description^null\u00bb bg_image_size=\u00bbinitial\u00bb bg_img_attach=\u00bbfixed\u00bb bg_override=\u00bbfull\u00bb css=\u00bb.vc_custom_1732641557824{padding-bottom: 40px !important;}\u00bb][vc_column][\/vc_column][\/vc_row][vc_row][vc_column][vc_video link=\u00bbhttps:\/\/www.youtube.com\/watch?v=Zcy1VRYLg38&#8243; align=\u00bbcenter\u00bb css=\u00bb.vc_custom_1738865287241{padding-top: 30px !important;}\u00bb][\/vc_column][\/vc_row]<\/p>\n","protected":false},"author":1,"featured_media":0,"parent":0,"menu_order":0,"comment_status":"closed","ping_status":"closed","template":"","meta":{"footnotes":""},"class_list":["post-73433","page","type-page","status-publish","hentry","entry","post-inner"],"yoast_head":"<!-- This site is optimized with the Yoast SEO Premium plugin v20.7 (Yoast SEO v27.5) - https:\/\/yoast.com\/product\/yoast-seo-premium-wordpress\/ -->\n<title>Campa\u00f1as - emoji<\/title>\n<meta name=\"robots\" content=\"index, follow, max-snippet:-1, max-image-preview:large, max-video-preview:-1\" \/>\n<link rel=\"canonical\" href=\"https:\/\/www.emoji.com\/es\/campanas\/\" \/>\n<meta property=\"og:locale\" content=\"es_ES\" \/>\n<meta property=\"og:type\" content=\"article\" \/>\n<meta property=\"og:title\" content=\"Campa\u00f1as\" \/>\n<meta property=\"og:description\" content=\"[vc_row gap=\u00bb30&#8243; bg_type=\u00bbimage\u00bb parallax_style=\u00bbvcpb-default\u00bb bg_image_new=\u00bbid^69853|url^http:\/\/s870585109.online.de\/wp\/wp-content\/uploads\/2022\/10\/emoji-pattern_back.jpg|caption^null|alt^null|title^emoji-pattern_back|description^null\u00bb bg_image_size=\u00bbinitial\u00bb bg_override=\u00bbfull\u00bb css=\u00bb.vc_custom_1673964813383{padding-bottom: 10px !important;background-position: 0 0 !important;background-repeat: repeat !important;}\u00bb][vc_column][vc_column_text] Campa\u00f1as [\/vc_column_text][vc_row_inner gap=\u00bb30&#8243;][vc_column_inner][vc_column_text] Nuestros clientes proceden del sector de las licencias cl\u00e1sicas, del entretenimiento y de la industria del marketing y la publicidad. Desc\u00fabralos a continuaci\u00f3n. [\/vc_column_text][\/vc_column_inner][\/vc_row_inner][\/vc_column][\/vc_row][vc_row disable_element=\u00bbyes\u00bb bg_type=\u00bbimage\u00bb parallax_style=\u00bbvcpb-default\u00bb bg_image_new=\u00bbid^69853|url^http:\/\/s870585109.online.de\/wp\/wp-content\/uploads\/2022\/10\/emoji-pattern_back.jpg|caption^null|alt^null|title^emoji-pattern_back|description^null\u00bb bg_image_size=\u00bbinitial\u00bb bg_img_attach=\u00bbfixed\u00bb bg_override=\u00bbfull\u00bb css=\u00bb.vc_custom_1732641557824{padding-bottom: 40px !important;}\u00bb][vc_column][\/vc_column][\/vc_row][vc_row][vc_column][vc_video link=\u00bbhttps:\/\/www.youtube.com\/watch?v=Zcy1VRYLg38&#8243; align=\u00bbcenter\u00bb css=\u00bb.vc_custom_1738865287241{padding-top: 30px !important;}\u00bb][\/vc_column][\/vc_row]\" \/>\n<meta property=\"og:url\" content=\"https:\/\/www.emoji.com\/es\/campanas\/\" \/>\n<meta property=\"og:site_name\" content=\"emoji\" \/>\n<meta property=\"article:modified_time\" content=\"2025-04-16T19:17:11+00:00\" \/>\n<meta name=\"twitter:card\" content=\"summary_large_image\" \/>\n<meta name=\"twitter:label1\" content=\"Tiempo de lectura\" \/>\n\t<meta name=\"twitter:data1\" content=\"1 minuto\" \/>\n<script type=\"application\/ld+json\" class=\"yoast-schema-graph\">{\"@context\":\"https:\\\/\\\/schema.org\",\"@graph\":[{\"@type\":\"WebPage\",\"@id\":\"https:\\\/\\\/www.emoji.com\\\/es\\\/campanas\\\/\",\"url\":\"https:\\\/\\\/www.emoji.com\\\/es\\\/campanas\\\/\",\"name\":\"Campa\u00f1as - emoji\",\"isPartOf\":{\"@id\":\"https:\\\/\\\/www.emoji.com\\\/es\\\/#website\"},\"datePublished\":\"2022-10-09T19:39:31+00:00\",\"dateModified\":\"2025-04-16T19:17:11+00:00\",\"breadcrumb\":{\"@id\":\"https:\\\/\\\/www.emoji.com\\\/es\\\/campanas\\\/#breadcrumb\"},\"inLanguage\":\"es\",\"potentialAction\":[{\"@type\":\"ReadAction\",\"target\":[\"https:\\\/\\\/www.emoji.com\\\/es\\\/campanas\\\/\"]}]},{\"@type\":\"BreadcrumbList\",\"@id\":\"https:\\\/\\\/www.emoji.com\\\/es\\\/campanas\\\/#breadcrumb\",\"itemListElement\":[{\"@type\":\"ListItem\",\"position\":1,\"name\":\"Startseite\",\"item\":\"https:\\\/\\\/www.emoji.com\\\/es\\\/home-2\\\/\"},{\"@type\":\"ListItem\",\"position\":2,\"name\":\"Campa\u00f1as\"}]},{\"@type\":\"WebSite\",\"@id\":\"https:\\\/\\\/www.emoji.com\\\/es\\\/#website\",\"url\":\"https:\\\/\\\/www.emoji.com\\\/es\\\/\",\"name\":\"emoji \u2013 The Iconic Brand\",\"description\":\"The Iconic Brand\",\"publisher\":{\"@id\":\"https:\\\/\\\/www.emoji.com\\\/es\\\/#organization\"},\"potentialAction\":[{\"@type\":\"SearchAction\",\"target\":{\"@type\":\"EntryPoint\",\"urlTemplate\":\"https:\\\/\\\/www.emoji.com\\\/es\\\/?s={search_term_string}\"},\"query-input\":{\"@type\":\"PropertyValueSpecification\",\"valueRequired\":true,\"valueName\":\"search_term_string\"}}],\"inLanguage\":\"es\"},{\"@type\":\"Organization\",\"@id\":\"https:\\\/\\\/www.emoji.com\\\/es\\\/#organization\",\"name\":\"emoji company GmbH\",\"url\":\"https:\\\/\\\/www.emoji.com\\\/es\\\/\",\"logo\":{\"@type\":\"ImageObject\",\"inLanguage\":\"es\",\"@id\":\"https:\\\/\\\/www.emoji.com\\\/es\\\/#\\\/schema\\\/logo\\\/image\\\/\",\"url\":\"https:\\\/\\\/www.emoji.com\\\/wp-content\\\/uploads\\\/2022\\\/10\\\/emoji-face-logo-glossy.png\",\"contentUrl\":\"https:\\\/\\\/www.emoji.com\\\/wp-content\\\/uploads\\\/2022\\\/10\\\/emoji-face-logo-glossy.png\",\"width\":300,\"height\":294,\"caption\":\"emoji company GmbH\"},\"image\":{\"@id\":\"https:\\\/\\\/www.emoji.com\\\/es\\\/#\\\/schema\\\/logo\\\/image\\\/\"}}]}<\/script>\n<!-- \/ Yoast SEO Premium plugin. -->","yoast_head_json":{"title":"Campa\u00f1as - emoji","robots":{"index":"index","follow":"follow","max-snippet":"max-snippet:-1","max-image-preview":"max-image-preview:large","max-video-preview":"max-video-preview:-1"},"canonical":"https:\/\/www.emoji.com\/es\/campanas\/","og_locale":"es_ES","og_type":"article","og_title":"Campa\u00f1as","og_description":"[vc_row gap=\u00bb30&#8243; bg_type=\u00bbimage\u00bb parallax_style=\u00bbvcpb-default\u00bb bg_image_new=\u00bbid^69853|url^http:\/\/s870585109.online.de\/wp\/wp-content\/uploads\/2022\/10\/emoji-pattern_back.jpg|caption^null|alt^null|title^emoji-pattern_back|description^null\u00bb bg_image_size=\u00bbinitial\u00bb bg_override=\u00bbfull\u00bb css=\u00bb.vc_custom_1673964813383{padding-bottom: 10px !important;background-position: 0 0 !important;background-repeat: repeat !important;}\u00bb][vc_column][vc_column_text] Campa\u00f1as [\/vc_column_text][vc_row_inner gap=\u00bb30&#8243;][vc_column_inner][vc_column_text] Nuestros clientes proceden del sector de las licencias cl\u00e1sicas, del entretenimiento y de la industria del marketing y la publicidad. Desc\u00fabralos a continuaci\u00f3n. [\/vc_column_text][\/vc_column_inner][\/vc_row_inner][\/vc_column][\/vc_row][vc_row disable_element=\u00bbyes\u00bb bg_type=\u00bbimage\u00bb parallax_style=\u00bbvcpb-default\u00bb bg_image_new=\u00bbid^69853|url^http:\/\/s870585109.online.de\/wp\/wp-content\/uploads\/2022\/10\/emoji-pattern_back.jpg|caption^null|alt^null|title^emoji-pattern_back|description^null\u00bb bg_image_size=\u00bbinitial\u00bb bg_img_attach=\u00bbfixed\u00bb bg_override=\u00bbfull\u00bb css=\u00bb.vc_custom_1732641557824{padding-bottom: 40px !important;}\u00bb][vc_column][\/vc_column][\/vc_row][vc_row][vc_column][vc_video link=\u00bbhttps:\/\/www.youtube.com\/watch?v=Zcy1VRYLg38&#8243; align=\u00bbcenter\u00bb css=\u00bb.vc_custom_1738865287241{padding-top: 30px !important;}\u00bb][\/vc_column][\/vc_row]","og_url":"https:\/\/www.emoji.com\/es\/campanas\/","og_site_name":"emoji","article_modified_time":"2025-04-16T19:17:11+00:00","twitter_card":"summary_large_image","twitter_misc":{"Tiempo de lectura":"1 minuto"},"schema":{"@context":"https:\/\/schema.org","@graph":[{"@type":"WebPage","@id":"https:\/\/www.emoji.com\/es\/campanas\/","url":"https:\/\/www.emoji.com\/es\/campanas\/","name":"Campa\u00f1as - emoji","isPartOf":{"@id":"https:\/\/www.emoji.com\/es\/#website"},"datePublished":"2022-10-09T19:39:31+00:00","dateModified":"2025-04-16T19:17:11+00:00","breadcrumb":{"@id":"https:\/\/www.emoji.com\/es\/campanas\/#breadcrumb"},"inLanguage":"es","potentialAction":[{"@type":"ReadAction","target":["https:\/\/www.emoji.com\/es\/campanas\/"]}]},{"@type":"BreadcrumbList","@id":"https:\/\/www.emoji.com\/es\/campanas\/#breadcrumb","itemListElement":[{"@type":"ListItem","position":1,"name":"Startseite","item":"https:\/\/www.emoji.com\/es\/home-2\/"},{"@type":"ListItem","position":2,"name":"Campa\u00f1as"}]},{"@type":"WebSite","@id":"https:\/\/www.emoji.com\/es\/#website","url":"https:\/\/www.emoji.com\/es\/","name":"emoji \u2013 The Iconic Brand","description":"The Iconic Brand","publisher":{"@id":"https:\/\/www.emoji.com\/es\/#organization"},"potentialAction":[{"@type":"SearchAction","target":{"@type":"EntryPoint","urlTemplate":"https:\/\/www.emoji.com\/es\/?s={search_term_string}"},"query-input":{"@type":"PropertyValueSpecification","valueRequired":true,"valueName":"search_term_string"}}],"inLanguage":"es"},{"@type":"Organization","@id":"https:\/\/www.emoji.com\/es\/#organization","name":"emoji company GmbH","url":"https:\/\/www.emoji.com\/es\/","logo":{"@type":"ImageObject","inLanguage":"es","@id":"https:\/\/www.emoji.com\/es\/#\/schema\/logo\/image\/","url":"https:\/\/www.emoji.com\/wp-content\/uploads\/2022\/10\/emoji-face-logo-glossy.png","contentUrl":"https:\/\/www.emoji.com\/wp-content\/uploads\/2022\/10\/emoji-face-logo-glossy.png","width":300,"height":294,"caption":"emoji company GmbH"},"image":{"@id":"https:\/\/www.emoji.com\/es\/#\/schema\/logo\/image\/"}}]}},"_links":{"self":[{"href":"https:\/\/www.emoji.com\/es\/wp-json\/wp\/v2\/pages\/73433","targetHints":{"allow":["GET"]}}],"collection":[{"href":"https:\/\/www.emoji.com\/es\/wp-json\/wp\/v2\/pages"}],"about":[{"href":"https:\/\/www.emoji.com\/es\/wp-json\/wp\/v2\/types\/page"}],"author":[{"embeddable":true,"href":"https:\/\/www.emoji.com\/es\/wp-json\/wp\/v2\/users\/1"}],"replies":[{"embeddable":true,"href":"https:\/\/www.emoji.com\/es\/wp-json\/wp\/v2\/comments?post=73433"}],"version-history":[{"count":28,"href":"https:\/\/www.emoji.com\/es\/wp-json\/wp\/v2\/pages\/73433\/revisions"}],"predecessor-version":[{"id":87855,"href":"https:\/\/www.emoji.com\/es\/wp-json\/wp\/v2\/pages\/73433\/revisions\/87855"}],"wp:attachment":[{"href":"https:\/\/www.emoji.com\/es\/wp-json\/wp\/v2\/media?parent=73433"}],"curies":[{"name":"wp","href":"https:\/\/api.w.org\/{rel}","templated":true}]}}